{"id":39822,"date":"2020-06-17T21:43:09","date_gmt":"2020-06-17T19:43:09","guid":{"rendered":"https:\/\/sg.admk-dev.de\/team\/"},"modified":"2021-12-16T13:08:28","modified_gmt":"2021-12-16T11:08:28","slug":"team","status":"publish","type":"page","link":"https:\/\/sven-giegold.de\/en\/team\/","title":{"rendered":"My team"},"content":{"rendered":"<h3>PLEASE, NOTE: With the move to Berlin, Sven Giegold can now be reached exclusively via the Federal Ministry for Economic Affairs and Climate Protection here:<\/p>\n<p>poststelle@bmwi.bund.de<\/h3>\n<p>&#8212;-<\/p>\n<p><img loading=\"lazy\" decoding=\"async\" class=\"alignnone wp-image-38144\" src=\"https:\/\/sven-giegold.de\/wp-content\/uploads\/2019\/09\/team-giegold-sept-2019.jpg\" alt=\"\" width=\"602\" height=\"500\" srcset=\"https:\/\/sven-giegold.de\/wp-content\/uploads\/2019\/09\/team-giegold-sept-2019.jpg 2540w, https:\/\/sven-giegold.de\/wp-content\/uploads\/2019\/09\/team-giegold-sept-2019-300x249.jpg 300w, https:\/\/sven-giegold.de\/wp-content\/uploads\/2019\/09\/team-giegold-sept-2019-1024x851.jpg 1024w, https:\/\/sven-giegold.de\/wp-content\/uploads\/2019\/09\/team-giegold-sept-2019-768x639.jpg 768w, https:\/\/sven-giegold.de\/wp-content\/uploads\/2019\/09\/team-giegold-sept-2019-1536x1277.jpg 1536w, https:\/\/sven-giegold.de\/wp-content\/uploads\/2019\/09\/team-giegold-sept-2019-2048x1703.jpg 2048w\" sizes=\"auto, (max-width: 602px) 100vw, 602px\" \/><\/p>\n<p>From left to right: Maximilian Fries, Magdalena Senn, Sven Giegold, Sebastian M. Mack (Now: Jacques Delors Centre Berlin), Heraldo Hettich, Yannick B\u00f6ttcher. Not on the picture: Benedikt Rehle<\/p>\n<p>&nbsp;<\/p>\n\n<table id=\"tablepress-32\" class=\"tablepress tablepress-id-32\">\n<tbody class=\"row-striping row-hover\">\n<tr class=\"row-1\">\n\t<td class=\"column-1\"><b>Heraldo Hettich<b\/><br \/>\n<br \/>\n<a href=\"https:\/\/sven-giegold.de\/wp-content\/uploads\/2020\/10\/heraldo-hettich.jpg\" class=\"fancybox\" ><img loading=\"lazy\" decoding=\"async\" src=\"https:\/\/sven-giegold.de\/wp-content\/uploads\/2020\/10\/heraldo-hettich.jpg\" alt=\"\" width=\"100\" height=\"92\" class=\"size-full wp-image-25600\" \/><\/a><\/td><td class=\"column-2\">Heraldo Hettich - Europaparlament Br\u00fcssel - Rue Wiertz 60 \u2013 1047 Br\u00fcssel<br \/>\nTel: 0032 228 47369, mail: <a href=\"mailto:herald.hettich@europarl.europa.eu\">herald.hettich[\u00e4t]europarl.europa.eu<a\/><br \/>\n<br \/>\n<\/td>\n<\/tr>\n<tr class=\"row-2\">\n\t<td class=\"column-1\"><b>Mira P\u00fctz<\/b><br \/>\n<br \/>\n<a href=\"https:\/\/sven-giegold.de\/wp-content\/uploads\/2020\/12\/Puetz_photograph-landscape_crop.jpg\" class=\"fancybox\" ><img loading=\"lazy\" decoding=\"async\" src=\"https:\/\/sven-giegold.de\/wp-content\/uploads\/2020\/12\/Puetz_photograph-landscape_crop.jpg\" alt=\"\" width=\"100\" height=\"92\" class=\"size-full wp-image-25600\" \/><\/a><\/td><td class=\"column-2\">Mira P\u00fctz - Europaparlament Br\u00fcssel - Rue Wiertz 60 \u2013 1047 Br\u00fcssel<br \/>\nTel: 0032 228 47369,  mail: <a href=\"mailto:mira-puetz@europarl.europa.eu\">mira.puetz[\u00e4t]europarl.europa.eu<a\/>   <\/td>\n<\/tr>\n<tr class=\"row-3\">\n\t<td class=\"column-1\"><b>Yannick B\u00f6ttcher<b\/><br \/>\n<br \/>\n<a href=\"https:\/\/sven-giegold.de\/wp-content\/uploads\/2020\/10\/yannick-boettcher.jpg\" class=\"fancybox\" ><img loading=\"lazy\" decoding=\"async\" src=\"https:\/\/sven-giegold.de\/wp-content\/uploads\/2020\/10\/yannick-boettcher.jpg\" alt=\"\" width=\"100\" height=\"92\" class=\"size-full wp-image-25600\" \/><\/a><br \/>\n<\/td><td class=\"column-2\">Yannick B\u00f6ttcher \u2013 Europaparlament Br\u00fcssel \u2013 Rue Wiertz 60 \u2013 1047 Br\u00fcssel<br \/>\nTel: 0032 228 45369, mail: <a href=\"mailto:yannick.boettcher@europarl.europa.eu\">yannick.boettcher[\u00e4t]europarl.europa.eu<a\/><\/td>\n<\/tr>\n<tr class=\"row-4\">\n\t<td class=\"column-1\"><b>Benedikt Rehle<b\/><br \/>\n<br \/>\n<a href=\"https:\/\/sven-giegold.de\/wp-content\/uploads\/2020\/10\/benedikt_rehle.jpg\" class=\"fancybox\" ><img loading=\"lazy\" decoding=\"async\" src=\"https:\/\/sven-giegold.de\/wp-content\/uploads\/2020\/10\/benedikt_rehle.jpg\" alt=\"\" width=\"100\" height=\"92\" class=\"size-full wp-image-25600\" \/><\/a><\/td><td class=\"column-2\">Im Team bin ich zust\u00e4ndig f\u00fcr alle Themen rund um Banken und Finanzm\u00e4rkte. Besonders interessiert mich dabei die Frage, wie man das Finanzsystem so gestalten kann, dass es dem Gemeinwohl und nicht nur Einzelinteressen dient. Zuvor habe ich praktische Erfahrungen als Bankenaufseher und im Finanzbereich gesammelt. Mein Studium der Mathematik und Physik hilft mir, in der oft sehr technischen Gesetzgebung nicht den Durchblick zu verlieren.<br \/>\n<br \/>\nBenedikt Rehle \u2013 Europaparlament Br\u00fcssel \u2013 Rue Wiertz 60 \u2013 1047 Br\u00fcssel<br \/>\nTel: 0032 248 57369, mail: <a href=\"mailto:benedikt.rehle@@europarl.europa.eu\">benedikt.rehle[\u00e4t]europarl.europa.eu<a\/><\/td>\n<\/tr>\n<tr class=\"row-5\">\n\t<td class=\"column-1\"><b>Dr. Maximilian Fries<b\/><br \/>\n<br \/>\n<a href=\"http:\/\/www.sven-giegold.de\/wp-content\/uploads\/2017\/11\/max_cropped_100w.jpg\" rel=\"attachment wp-att-19072\" class=\"fancybox\" ><img loading=\"lazy\" decoding=\"async\" src=\"http:\/\/www.sven-giegold.de\/wp-content\/uploads\/2017\/11\/max_cropped_100w.jpg\" alt=\"Untitled\" width=\"100\" height=\"95\" class=\"alignnone size-full wp-image-19072\" \/><\/a><\/td><td class=\"column-2\">Schon w\u00e4hrend des Biomedizin-Studium hat es mich immer in die Politik gezogen. Erst in W\u00fcrzburg in die Studierendenvertretung und dann in Cambridge in die Cambridge Green Party. Seit Oktober 2017 leite ich das Europab\u00fcro in D\u00fcsseldorf. Hier will ich Biomedizin und Politik zusammenf\u00fchren und mit Sven kluge, gr\u00fcne Industrie- und Wirtschaftspolitik machen, die die Menschen und den Planeten ges\u00fcnder macht. Ich bin zudem verantwortlich f\u00fcr die Terminplanung in Deutschland und organisiere <a href=\"http:\/\/www.sven-giegold.de\/europe-calling\">Europe Calling<\/a> .<br \/>\n <br \/>\n<br \/>\nDr. Maximilian Fries \u2013 Europab\u00fcro NRW \u2013 Oststra\u00dfe 41-43 \u2013 D-40211 D\u00fcsseldorf, mail: <a href=\"mailto:maximilian.fries@gruene-europa.de\">maximilian.fries[\u00e4t]gruene-europa.de<a\/><br \/>\n<br \/>\n<\/td>\n<\/tr>\n<tr class=\"row-6\">\n\t<td class=\"column-1\"><b>Unsere gr\u00fcne Kollegin B\u00c4RNADETTE<b\/><br \/>\n<br \/>\n<a href=\"http:\/\/www.sven-giegold.de\/wp-content\/uploads\/2014\/03\/IMG_0207.jpg\" rel=\"attachment wp-att-16604\" class=\"fancybox\" ><img loading=\"lazy\" decoding=\"async\" src=\"http:\/\/www.sven-giegold.de\/wp-content\/uploads\/2014\/03\/IMG_0207.jpg\" alt=\"IMG_0207\" width=\"100\" height=\"108\" class=\"alignnone size-full wp-image-16604\" \/><\/a><\/td><td class=\"column-2\">B\u00e4rnadette hat Sven im Wahlkampf 2014 treu begleitet. Nach einer langen Zeit in D\u00fcsseldorf ist sie nun zur\u00fcck in Br\u00fcssel. <a href=\"http:\/\/www.sven-giegold.de\/2015\/baernadette-zieht-um\/\">Hier gibt's ihre Umzugsgeschichte nachzulesen.<a\/><\/td>\n<\/tr>\n<\/tbody>\n<\/table>\n<!-- #tablepress-32 from cache -->\n","protected":false},"excerpt":{"rendered":"<p>PLEASE, NOTE: With the move to Berlin, Sven Giegold can now be reached exclusively via the Federal Ministry for Economic Affairs and Climate Protection here: poststelle@bmwi.bund.de &#8212;- From left to right: Maximilian Fries, Magdalena Senn, Sven Giegold, Sebastian M. Mack (Now: Jacques Delors Centre Berlin), Heraldo Hettich, Yannick B\u00f6ttcher. Not on the picture: Benedikt Rehle [&hellip;]<\/p>\n","protected":false},"author":8,"featured_media":0,"parent":0,"menu_order":6,"comment_status":"closed","ping_status":"closed","template":"","meta":{"_acf_changed":false,"footnotes":""},"class_list":["post-39822","page","type-page","status-publish","hentry"],"acf":[],"yoast_head":"<!-- This site is optimized with the Yoast SEO plugin v26.3 - https:\/\/yoast.com\/wordpress\/plugins\/seo\/ -->\n<title>My team - Sven Giegold<\/title>\n<meta name=\"robots\" content=\"index, follow, max-snippet:-1, max-image-preview:large, max-video-preview:-1\" \/>\n<link rel=\"canonical\" href=\"https:\/\/sven-giegold.de\/en\/team\/\" \/>\n<meta property=\"og:locale\" content=\"en_US\" \/>\n<meta property=\"og:type\" content=\"article\" \/>\n<meta property=\"og:title\" content=\"My team - Sven Giegold\" \/>\n<meta property=\"og:description\" content=\"PLEASE, NOTE: With the move to Berlin, Sven Giegold can now be reached exclusively via the Federal Ministry for Economic Affairs and Climate Protection here: poststelle@bmwi.bund.de &#8212;- From left to right: Maximilian Fries, Magdalena Senn, Sven Giegold, Sebastian M. Mack (Now: Jacques Delors Centre Berlin), Heraldo Hettich, Yannick B\u00f6ttcher. Not on the picture: Benedikt Rehle [&hellip;]\" \/>\n<meta property=\"og:url\" content=\"https:\/\/sven-giegold.de\/en\/team\/\" \/>\n<meta property=\"og:site_name\" content=\"Sven Giegold\" \/>\n<meta property=\"article:modified_time\" content=\"2021-12-16T11:08:28+00:00\" \/>\n<meta property=\"og:image\" content=\"https:\/\/sven-giegold.de\/wp-content\/uploads\/2019\/09\/team-giegold-sept-2019.jpg\" \/>\n<meta name=\"twitter:card\" content=\"summary_large_image\" \/>\n<meta name=\"twitter:site\" content=\"@sven_giegold\" \/>\n<script type=\"application\/ld+json\" class=\"yoast-schema-graph\">{\"@context\":\"https:\/\/schema.org\",\"@graph\":[{\"@type\":\"WebPage\",\"@id\":\"https:\/\/sven-giegold.de\/en\/team\/\",\"url\":\"https:\/\/sven-giegold.de\/en\/team\/\",\"name\":\"My team - Sven Giegold\",\"isPartOf\":{\"@id\":\"https:\/\/sven-giegold.de\/en\/#website\"},\"primaryImageOfPage\":{\"@id\":\"https:\/\/sven-giegold.de\/en\/team\/#primaryimage\"},\"image\":{\"@id\":\"https:\/\/sven-giegold.de\/en\/team\/#primaryimage\"},\"thumbnailUrl\":\"https:\/\/sven-giegold.de\/wp-content\/uploads\/2019\/09\/team-giegold-sept-2019.jpg\",\"datePublished\":\"2020-06-17T19:43:09+00:00\",\"dateModified\":\"2021-12-16T11:08:28+00:00\",\"breadcrumb\":{\"@id\":\"https:\/\/sven-giegold.de\/en\/team\/#breadcrumb\"},\"inLanguage\":\"en-US\",\"potentialAction\":[{\"@type\":\"ReadAction\",\"target\":[\"https:\/\/sven-giegold.de\/en\/team\/\"]}]},{\"@type\":\"ImageObject\",\"inLanguage\":\"en-US\",\"@id\":\"https:\/\/sven-giegold.de\/en\/team\/#primaryimage\",\"url\":\"https:\/\/sven-giegold.de\/wp-content\/uploads\/2019\/09\/team-giegold-sept-2019.jpg\",\"contentUrl\":\"https:\/\/sven-giegold.de\/wp-content\/uploads\/2019\/09\/team-giegold-sept-2019.jpg\"},{\"@type\":\"BreadcrumbList\",\"@id\":\"https:\/\/sven-giegold.de\/en\/team\/#breadcrumb\",\"itemListElement\":[{\"@type\":\"ListItem\",\"position\":1,\"name\":\"Home\",\"item\":\"https:\/\/sven-giegold.de\/en\/startpage\/\"},{\"@type\":\"ListItem\",\"position\":2,\"name\":\"My team\"}]},{\"@type\":\"WebSite\",\"@id\":\"https:\/\/sven-giegold.de\/en\/#website\",\"url\":\"https:\/\/sven-giegold.de\/en\/\",\"name\":\"Sven Giegold\",\"description\":\"\",\"publisher\":{\"@id\":\"https:\/\/sven-giegold.de\/en\/#\/schema\/person\/6f66f8a3238e79586c7c36b9075a7e31\"},\"potentialAction\":[{\"@type\":\"SearchAction\",\"target\":{\"@type\":\"EntryPoint\",\"urlTemplate\":\"https:\/\/sven-giegold.de\/en\/?s={search_term_string}\"},\"query-input\":{\"@type\":\"PropertyValueSpecification\",\"valueRequired\":true,\"valueName\":\"search_term_string\"}}],\"inLanguage\":\"en-US\"},{\"@type\":[\"Person\",\"Organization\"],\"@id\":\"https:\/\/sven-giegold.de\/en\/#\/schema\/person\/6f66f8a3238e79586c7c36b9075a7e31\",\"name\":\"Sven\",\"image\":{\"@type\":\"ImageObject\",\"inLanguage\":\"en-US\",\"@id\":\"https:\/\/sven-giegold.de\/en\/#\/schema\/person\/image\/\",\"url\":\"https:\/\/sven-giegold.de\/wp-content\/uploads\/2019\/05\/SvenGiegold_byDominikButzmann_50pc-scaled.jpg\",\"contentUrl\":\"https:\/\/sven-giegold.de\/wp-content\/uploads\/2019\/05\/SvenGiegold_byDominikButzmann_50pc-scaled.jpg\",\"width\":2560,\"height\":1708,\"caption\":\"Sven\"},\"logo\":{\"@id\":\"https:\/\/sven-giegold.de\/en\/#\/schema\/person\/image\/\"},\"sameAs\":[\"https:\/\/sven-giegold.de\"]}]}<\/script>\n<!-- \/ Yoast SEO plugin. -->","yoast_head_json":{"title":"My team - Sven Giegold","robots":{"index":"index","follow":"follow","max-snippet":"max-snippet:-1","max-image-preview":"max-image-preview:large","max-video-preview":"max-video-preview:-1"},"canonical":"https:\/\/sven-giegold.de\/en\/team\/","og_locale":"en_US","og_type":"article","og_title":"My team - Sven Giegold","og_description":"PLEASE, NOTE: With the move to Berlin, Sven Giegold can now be reached exclusively via the Federal Ministry for Economic Affairs and Climate Protection here: poststelle@bmwi.bund.de &#8212;- From left to right: Maximilian Fries, Magdalena Senn, Sven Giegold, Sebastian M. Mack (Now: Jacques Delors Centre Berlin), Heraldo Hettich, Yannick B\u00f6ttcher. Not on the picture: Benedikt Rehle [&hellip;]","og_url":"https:\/\/sven-giegold.de\/en\/team\/","og_site_name":"Sven Giegold","article_modified_time":"2021-12-16T11:08:28+00:00","og_image":[{"url":"https:\/\/sven-giegold.de\/wp-content\/uploads\/2019\/09\/team-giegold-sept-2019.jpg","type":"","width":"","height":""}],"twitter_card":"summary_large_image","twitter_site":"@sven_giegold","schema":{"@context":"https:\/\/schema.org","@graph":[{"@type":"WebPage","@id":"https:\/\/sven-giegold.de\/en\/team\/","url":"https:\/\/sven-giegold.de\/en\/team\/","name":"My team - Sven Giegold","isPartOf":{"@id":"https:\/\/sven-giegold.de\/en\/#website"},"primaryImageOfPage":{"@id":"https:\/\/sven-giegold.de\/en\/team\/#primaryimage"},"image":{"@id":"https:\/\/sven-giegold.de\/en\/team\/#primaryimage"},"thumbnailUrl":"https:\/\/sven-giegold.de\/wp-content\/uploads\/2019\/09\/team-giegold-sept-2019.jpg","datePublished":"2020-06-17T19:43:09+00:00","dateModified":"2021-12-16T11:08:28+00:00","breadcrumb":{"@id":"https:\/\/sven-giegold.de\/en\/team\/#breadcrumb"},"inLanguage":"en-US","potentialAction":[{"@type":"ReadAction","target":["https:\/\/sven-giegold.de\/en\/team\/"]}]},{"@type":"ImageObject","inLanguage":"en-US","@id":"https:\/\/sven-giegold.de\/en\/team\/#primaryimage","url":"https:\/\/sven-giegold.de\/wp-content\/uploads\/2019\/09\/team-giegold-sept-2019.jpg","contentUrl":"https:\/\/sven-giegold.de\/wp-content\/uploads\/2019\/09\/team-giegold-sept-2019.jpg"},{"@type":"BreadcrumbList","@id":"https:\/\/sven-giegold.de\/en\/team\/#breadcrumb","itemListElement":[{"@type":"ListItem","position":1,"name":"Home","item":"https:\/\/sven-giegold.de\/en\/startpage\/"},{"@type":"ListItem","position":2,"name":"My team"}]},{"@type":"WebSite","@id":"https:\/\/sven-giegold.de\/en\/#website","url":"https:\/\/sven-giegold.de\/en\/","name":"Sven Giegold","description":"","publisher":{"@id":"https:\/\/sven-giegold.de\/en\/#\/schema\/person\/6f66f8a3238e79586c7c36b9075a7e31"},"potentialAction":[{"@type":"SearchAction","target":{"@type":"EntryPoint","urlTemplate":"https:\/\/sven-giegold.de\/en\/?s={search_term_string}"},"query-input":{"@type":"PropertyValueSpecification","valueRequired":true,"valueName":"search_term_string"}}],"inLanguage":"en-US"},{"@type":["Person","Organization"],"@id":"https:\/\/sven-giegold.de\/en\/#\/schema\/person\/6f66f8a3238e79586c7c36b9075a7e31","name":"Sven","image":{"@type":"ImageObject","inLanguage":"en-US","@id":"https:\/\/sven-giegold.de\/en\/#\/schema\/person\/image\/","url":"https:\/\/sven-giegold.de\/wp-content\/uploads\/2019\/05\/SvenGiegold_byDominikButzmann_50pc-scaled.jpg","contentUrl":"https:\/\/sven-giegold.de\/wp-content\/uploads\/2019\/05\/SvenGiegold_byDominikButzmann_50pc-scaled.jpg","width":2560,"height":1708,"caption":"Sven"},"logo":{"@id":"https:\/\/sven-giegold.de\/en\/#\/schema\/person\/image\/"},"sameAs":["https:\/\/sven-giegold.de"]}]}},"_links":{"self":[{"href":"https:\/\/sven-giegold.de\/en\/wp-json\/wp\/v2\/pages\/39822","targetHints":{"allow":["GET"]}}],"collection":[{"href":"https:\/\/sven-giegold.de\/en\/wp-json\/wp\/v2\/pages"}],"about":[{"href":"https:\/\/sven-giegold.de\/en\/wp-json\/wp\/v2\/types\/page"}],"author":[{"embeddable":true,"href":"https:\/\/sven-giegold.de\/en\/wp-json\/wp\/v2\/users\/8"}],"replies":[{"embeddable":true,"href":"https:\/\/sven-giegold.de\/en\/wp-json\/wp\/v2\/comments?post=39822"}],"version-history":[{"count":0,"href":"https:\/\/sven-giegold.de\/en\/wp-json\/wp\/v2\/pages\/39822\/revisions"}],"wp:attachment":[{"href":"https:\/\/sven-giegold.de\/en\/wp-json\/wp\/v2\/media?parent=39822"}],"curies":[{"name":"wp","href":"https:\/\/api.w.org\/{rel}","templated":true}]}}